{"id":9,"date":"2018-03-27T11:19:36","date_gmt":"2018-03-27T11:19:36","guid":{"rendered":"https:\/\/slide.smartwpress.com\/demo1\/?page_id=9"},"modified":"2019-09-19T14:19:55","modified_gmt":"2019-09-19T18:19:55","slug":"contactar","status":"publish","type":"page","link":"https:\/\/www.septetosantiagueroficial.com\/en\/contactar\/","title":{"rendered":"CONTACT US"},"content":{"rendered":"<div class=\"vc_row wpb_row vc_row-fluid vc_custom_1524491555038 lc_swp_boxed force_boxed_width\"><div class=\"encontrarnos wpb_column vc_column_container vc_col-sm-6\"><div class=\"vc_column-inner vc_custom_1568917007002\"><div class=\"wpb_wrapper\">\r\n\t<div class=\"swp_vc_column_title text_left\">\r\n\t\t<h3 class=\"swp_column_title\">Where to find us<\/h2>\r\n\t<\/div>\r\n\t\r\n\t\n\t<div class=\"wpb_text_column wpb_content_element  vc_custom_1567724304745\" >\n\t\t<div class=\"wpb_wrapper\">\n\t\t\t<p>Follow us on social medias or just use this contact form to send us an email<\/p>\n\n\t\t<\/div>\n\t<\/div>\n \r\n\r\n\t<div class=\"swp_social_profiles_scd text_left\">\r\n\t\t\t\t\t<div class=\"swp_social_profile\">\r\n\t\t\t\t<a href=\"https:\/\/www.facebook.com\/ElSeptetoSantiaguero\" target=\"_blank\">\r\n\t\t\t\t\t<i class=\"fab fa-facebook-f\"><\/i>\r\n\t\t\t\t<\/a>\r\n\t\t\t<\/div>\r\n\t\t\t\t\t<div class=\"swp_social_profile\">\r\n\t\t\t\t<a href=\"https:\/\/twitter.com\/SeptetoSantiago\" target=\"_blank\">\r\n\t\t\t\t\t<i class=\"fab fa-twitter\"><\/i>\r\n\t\t\t\t<\/a>\r\n\t\t\t<\/div>\r\n\t\t\t\t\t<div class=\"swp_social_profile\">\r\n\t\t\t\t<a href=\"https:\/\/www.instagram.com\/septetosantiaguero\" target=\"_blank\">\r\n\t\t\t\t\t<i class=\"fab fa-instagram\"><\/i>\r\n\t\t\t\t<\/a>\r\n\t\t\t<\/div>\r\n\t\t\t\t\t<div class=\"swp_social_profile\">\r\n\t\t\t\t<a href=\"https:\/\/www.youtube.com\/channel\/UCHjdPRGf0ExbuKYQ5ILKsxQ\" target=\"_blank\">\r\n\t\t\t\t\t<i class=\"fab fa-youtube\"><\/i>\r\n\t\t\t\t<\/a>\r\n\t\t\t<\/div>\r\n\t\t\t<\/div> \r\n\r\n\t<\/div><\/div><\/div><div class=\"inner_content_right wpb_column vc_column_container vc_col-sm-6\"><div class=\"vc_column-inner vc_custom_1524491548197\"><div class=\"wpb_wrapper\">\r\n\t<div class=\"swp_vc_column_title text_left\">\r\n\t\t<h3 class=\"swp_column_title\">Send us a message<\/h2>\r\n\t<\/div>\r\n\t\r\n\t\r\n<div class=\"swp_contactform\">\r\n\t<form class=\"swp_contactform\" action=\"\">\r\n\t\t<ul class=\"contactform_fields\">\r\n\r\n\t\t\t<li class=\"comment-form-author swp_cf_entry\">\r\n\t\t\t\t<input type=\"text\" placeholder=\"Name\" name=\"contactName\" id=\"contactName\" class=\"lucille_cf_input required requiredField contactNameInput\" \/>\r\n\t\t\t\t<i class=\"far fa-user swp_cf_icon\"><\/i>\r\n\t\t\t\t<div class=\"swp_cf_error\">Por favor entre su nombre<\/div>\r\n\t\t\t<\/li>\r\n\r\n\t\t\t<li class=\"comment-form-email swp_cf_entry\">\r\n\t\t\t\t<input type=\"text\" placeholder=\"Correo Electr\u00f3nico\" name=\"email\" id=\"contactemail\" class=\"lucille_cf_input required requiredField email\" \/>\r\n\t\t\t\t<i class=\"far fa-envelope swp_cf_icon\" aria-hidden=\"true\"><\/i>\r\n\t\t\t\t<div class=\"swp_cf_error\">Por favor entre su correo electr\u00f3nico<\/div>\r\n\t\t\t<\/li>\r\n\r\n\t\t\t<li class=\"comment-form-comment swp_cf_entry\">\r\n\t\t\t\t<textarea name=\"comments\" placeholder=\"Message\" id=\"commentsText\" rows=\"6\" cols=\"30\" class=\"lucille_cf_input required requiredField contactMessageInput\"><\/textarea>\r\n\t\t\t\t<div class=\"swp_cf_error\">Por favor entre su mensaje<\/div>\r\n\t\t\t<\/li>\r\n\r\n\t\t\t<li class=\"wp_mail_error\">\r\n\t\t\t\t<div class=\"swp_cf_error\">No se pudo enviar su mensaje, ocurri\u00f3 un error mientras se entregaba este mensaje. Por favor intentelo m\u00e1s tarde.<\/div>\r\n\t\t\t<\/li>\r\n\r\n\t\t\t<li class=\"form_result_error\"><\/li>\t\r\n\r\n\t\t\t<li class=\"formResultOK\">\r\n\t\t\t\t<div class=\"swp_cf_error\">Su mensaje se envi\u00f3 exitosamente. Gracias!<\/div>\r\n\t\t\t<\/li>\r\n\t\t\t<li class=\"contact_buttom\">\r\n\t\t\t\t<input name=\"Button1\" type=\"submit\" id=\"submit\" class=\"lc_button contact_button\" data-loadingmsg=\"Cargando...\" value=\"Enviar correo\" >\r\n\t\t\t<\/li>\r\n\t\t<\/ul>\r\n\t\t<input type=\"hidden\" name=\"action\" value=\"swpcontactform_action\" \/>\r\n\t\t<input type=\"hidden\" name=\"swp_cf_subject\" value=\"New contact form message from your website Septeto Santiaguero\" \/>\r\n\t\t<input type=\"hidden\" id=\"contactform_nonce\" name=\"contactform_nonce\" value=\"1ca4aac8ee\" \/><input type=\"hidden\" name=\"_wp_http_referer\" value=\"\/en\/wp-json\/wp\/v2\/pages\/9\" \/>\t<input type=\"hidden\" name=\"trp-form-language\" value=\"en\"\/><\/form>\r\n<\/div>\r\n\t\r\n\t<\/div><\/div><\/div><\/div>","protected":false},"excerpt":{"rendered":"Donde encontrarnos S\u00edguenos en las redes sociales o simplemente usa este formulario de contacto para enviarnos un correo electr\u00f3nico. Env\u00edenos un mensaje Por favor entre su nombre Por favor entre su correo electr\u00f3nico Por favor entre su mensaje No se...","protected":false},"author":1,"featured_media":0,"parent":0,"menu_order":0,"comment_status":"closed","ping_status":"closed","template":"template-visual-composer-header.php","meta":[],"_links":{"self":[{"href":"https:\/\/www.septetosantiagueroficial.com\/en\/wp-json\/wp\/v2\/pages\/9"}],"collection":[{"href":"https:\/\/www.septetosantiagueroficial.com\/en\/wp-json\/wp\/v2\/pages"}],"about":[{"href":"https:\/\/www.septetosantiagueroficial.com\/en\/wp-json\/wp\/v2\/types\/page"}],"author":[{"embeddable":true,"href":"https:\/\/www.septetosantiagueroficial.com\/en\/wp-json\/wp\/v2\/users\/1"}],"replies":[{"embeddable":true,"href":"https:\/\/www.septetosantiagueroficial.com\/en\/wp-json\/wp\/v2\/comments?post=9"}],"version-history":[{"count":10,"href":"https:\/\/www.septetosantiagueroficial.com\/en\/wp-json\/wp\/v2\/pages\/9\/revisions"}],"predecessor-version":[{"id":5624,"href":"https:\/\/www.septetosantiagueroficial.com\/en\/wp-json\/wp\/v2\/pages\/9\/revisions\/5624"}],"wp:attachment":[{"href":"https:\/\/www.septetosantiagueroficial.com\/en\/wp-json\/wp\/v2\/media?parent=9"}],"curies":[{"name":"wp","href":"https:\/\/api.w.org\/{rel}","templated":true}]}}