{"id":4502,"date":"2019-08-31T16:04:16","date_gmt":"2019-08-31T20:04:16","guid":{"rendered":"https:\/\/www.septetosantiagueroficial.com\/?page_id=4502"},"modified":"2019-09-22T20:50:56","modified_gmt":"2019-09-23T00:50:56","slug":"webmaster","status":"publish","type":"page","link":"https:\/\/www.septetosantiagueroficial.com\/en\/webmaster\/","title":{"rendered":"WEBMASTER"},"content":{"rendered":"<div class=\"vc_row wpb_row vc_row-fluid\"><div class=\"wpb_column vc_column_container vc_col-sm-6\"><div class=\"vc_column-inner\"><div class=\"wpb_wrapper\">\r\n\t<div class=\"swp_vc_column_title text_left\">\r\n\t\t<h3 class=\"swp_column_title\">How to contact us<\/h2>\r\n\t<\/div>\r\n\t\r\n\t\n\t<div class=\"wpb_text_column wpb_content_element  vc_custom_1568240708044\" >\n\t\t<div class=\"wpb_wrapper\">\n\t\t\t<p>You can send an email to the developers of this site, through the contact form.<\/p>\n\n\t\t<\/div>\n\t<\/div>\n<\/div><\/div><\/div><div class=\"wpb_column vc_column_container vc_col-sm-6\"><div class=\"vc_column-inner\"><div class=\"wpb_wrapper\">\r\n\t<div class=\"swp_vc_column_title text_left\">\r\n\t\t<h3 class=\"swp_column_title\">Send us a message<\/h2>\r\n\t<\/div>\r\n\t\r\n\t\n\t<div class=\"wpb_raw_code wpb_content_element wpb_raw_html\" >\n\t\t<div class=\"wpb_wrapper\">\n\t\t\t<div role=\"form\" class=\"wpcf7\" id=\"wpcf7-f4311-p2-o1\" dir=\"ltr\" lang=\"es-ES\">\n<div class=\"screen-reader-response\"><\/div>\n<form action=\"https:\/\/www.septetosantiagueroficial\/webmasters\/#wpcf7-f4311-p2-o1\" method=\"post\" class=\"wpcf7-form\" novalidate=\"novalidate\" data-trp-original-action=\"https:\/\/www.septetosantiagueroficial\/webmasters\/#wpcf7-f4311-p2-o1\">\n<div style=\"display: none;\">\n<input type=\"hidden\" name=\"_wpcf7\" value=\"4311\">\n<input type=\"hidden\" name=\"_wpcf7_version\" value=\"5.1.1\">\n<input type=\"hidden\" name=\"_wpcf7_locale\" value=\"es_ES\">\n<input type=\"hidden\" name=\"_wpcf7_unit_tag\" value=\"wpcf7-f4311-p2-o1\">\n<input type=\"hidden\" name=\"_wpcf7_container_post\" value=\"2\">\n<input type=\"hidden\" name=\"g-recaptcha-response\" value=\"\">\n<\/div>\n\n    <div id=\"far-nombre\">\n    <span class=\"wpcf7-form-control-wrap your-name\"><input type=\"text\" placeholder=\"Name\" name=\"your-name\" value=\"\" size=\"40\" class=\"wpcf7-form-control wpcf7-text wpcf7-validates-as-required\" aria-required=\"true\" aria-invalid=\"false\"><i id=\"far-nombre\" class=\"far fa-user swp_cf_icon\"><\/i> <\/span><\/div>\n    \n<div id=\"far-correo\">\n    <span class=\"wpcf7-form-control-wrap your-email\"><input type=\"email\" placeholder=\"Email\" name=\"your-email\" value=\"\" size=\"40\" class=\"wpcf7-form-control wpcf7-text wpcf7-email wpcf7-validates-as-required wpcf7-validates-as-email\" aria-required=\"true\" aria-invalid=\"false\"><i class=\"far fa-envelope swp_cf_icon\" aria-hidden=\"true\"><\/i><\/span><\/div>\n\n    <span class=\"wpcf7-form-control-wrap your-message\"><textarea name=\"your-message\" placeholder=\"Message\" cols=\"40\" rows=\"10\" class=\"wpcf7-form-control wpcf7-textarea\" aria-invalid=\"false\"><\/textarea><\/span>\n\n<p><input type=\"submit\" value=\"Enviar Mensaje\" class=\"wpcf7-form-control wpcf7-submit\"><span class=\"ajax-loader\"><\/span><\/p>\n<div class=\"wpcf7-response-output wpcf7-display-none\"><\/div><input type=\"hidden\" name=\"trp-form-language\" value=\"en\"\/><\/form><\/div>\n\t\t<\/div>\n\t<\/div>\n<\/div><\/div><\/div><\/div>","protected":false},"excerpt":{"rendered":"Como contactarnos Puede enviar un correo electr\u00f3nico a los desarrolladores de este sitio web a trav\u00e9s del formulario de contacto. Env\u00edenos un mensaje","protected":false},"author":1,"featured_media":0,"parent":0,"menu_order":0,"comment_status":"closed","ping_status":"closed","template":"","meta":[],"_links":{"self":[{"href":"https:\/\/www.septetosantiagueroficial.com\/en\/wp-json\/wp\/v2\/pages\/4502"}],"collection":[{"href":"https:\/\/www.septetosantiagueroficial.com\/en\/wp-json\/wp\/v2\/pages"}],"about":[{"href":"https:\/\/www.septetosantiagueroficial.com\/en\/wp-json\/wp\/v2\/types\/page"}],"author":[{"embeddable":true,"href":"https:\/\/www.septetosantiagueroficial.com\/en\/wp-json\/wp\/v2\/users\/1"}],"replies":[{"embeddable":true,"href":"https:\/\/www.septetosantiagueroficial.com\/en\/wp-json\/wp\/v2\/comments?post=4502"}],"version-history":[{"count":21,"href":"https:\/\/www.septetosantiagueroficial.com\/en\/wp-json\/wp\/v2\/pages\/4502\/revisions"}],"predecessor-version":[{"id":5650,"href":"https:\/\/www.septetosantiagueroficial.com\/en\/wp-json\/wp\/v2\/pages\/4502\/revisions\/5650"}],"wp:attachment":[{"href":"https:\/\/www.septetosantiagueroficial.com\/en\/wp-json\/wp\/v2\/media?parent=4502"}],"curies":[{"name":"wp","href":"https:\/\/api.w.org\/{rel}","templated":true}]}}