{"id":4496,"date":"2019-08-31T15:52:10","date_gmt":"2019-08-31T19:52:10","guid":{"rendered":"https:\/\/www.septetosantiagueroficial.com\/?page_id=4496"},"modified":"2019-09-12T01:10:12","modified_gmt":"2019-09-12T05:10:12","slug":"aviso-legal","status":"publish","type":"page","link":"https:\/\/www.septetosantiagueroficial.com\/en\/aviso-legal\/","title":{"rendered":"LEGAL NOTE"},"content":{"rendered":"<div class=\"vc_row wpb_row vc_row-fluid\"><div class=\"wpb_column vc_column_container vc_col-sm-12\"><div class=\"vc_column-inner\"><div class=\"wpb_wrapper\">\n\t<div class=\"wpb_text_column wpb_content_element\" >\n\t\t<div class=\"wpb_wrapper\">\n\t\t\t<p><strong>Intellectual Property Rights <\/strong><\/p>\n<ol>\n<li class=\" translation-block\">Texts, data and graphic designs, pictures, videos, audios and creativity are property of Septeto Santiaguero Oficial and cannot be object of modifications, copy, transformation, alteration, reproduction, adaptation or translation by third parties without the explicit authorization of the owner of the site\u2019s content. The disposal of texts, data and graphic designs, pictures, videos, audios and creativity doesn\u2019t mean in any case, the ownership\u2019s transfer or the right of exploitation, reproduction, diffusion, transformation, distribution or transmission at one\u2019s advantage, different from the right of use which mean the legitimates use by Septeto Santiaguero Oficial.<\/li>\n<li>Texts, data and graphic designs, pictures, videos, audios and creativity are property of Septeto Santiaguero Oficial and cannot be object of modifications, copy, transformation, alteration, reproduction, adaptation or translation by third parties without the explicit authorization of the owner of the site\u2019s content. The disposal of texts, data and graphic designs, pictures, videos, audios and creativity doesn\u2019t mean in any case, the ownership\u2019s transfer or the right of exploitation, reproduction, diffusion, transformation, distribution or transmission at one\u2019s advantage, different from the right of use which mean the legitimates use by Septeto Santiaguero Oficial.<\/li>\n<li class=\" translation-block\">Brands, logos, or others distinctive marks of web site  <a href=\"https:\/\/www.septetosantiagueroficial.com\" target=\"_self\">https:\/\/septetosantiagueroficial.com<\/a> are owned by Septeto Santiaguero Oficial and have been properly registered.<\/li>\n<\/ol>\n<p><strong>Responsibility limitation and Conditions<\/strong><\/p>\n<ol>\n<li>Septeto Santiaguero Oficial declares that this web site possesses the adequate technology to allow the access and use of it.<\/li>\n<li>Notwithstanding, Septeto Santiaguero Oficial is not responsible for the possible presence of virus or other malwares, introduced by any media or third party which can produce alteration to their systems.<\/li>\n<li class=\" translation-block\">Septeto Santiaguero Oficial cannot offer guarantees about the functioning of the web site  <a href=\"https:\/\/www.septetosantiagueroficial.com\" target=\"_self\">https:\/\/septetosantiagueroficial.com<\/a>https:\/\/septetosantiagueroficial.com or the information inside it. Septeto Santiaguero wouldn\u2019t be responsible for any damage or prejudice which could derive from using the web site. <a href=\"https:\/\/www.septetosantiagueroficial.com\" target=\"_self\">https:\/\/septetosantiagueroficial.com<\/a><\/li>\n<li class=\" translation-block\">El sitio web <a href=\"https:\/\/www.septetosantiagueroficial.com\" target=\"_self\">https:\/\/septetosantiagueroficial.com<\/a> doesn\u2019t use cookies nor other technical media that allows identifying users, nor knowing data according to their navigation.<\/li>\n<\/ol>\n<p>&nbsp;<\/p>\n<p><strong>External links\u00a0 <\/strong><\/p>\n<ol>\n<li class=\" translation-block\">The owners of other web sites who want to create a link to <a href=\"https:\/\/www.septetosantiagueroficial.com\" target=\"_self\">https:\/\/septetosantiagueroficial.com<\/a>, commits to do links where they show the Septeto Santiaguero Oficial logo, and not realizing false, inexact or incorrect expressions that could cause errors or be against the laws.<\/li>\n<li class=\" translation-block\">The owners of other sites who want to create a link to  <a href=\"https:\/\/www.septetosantiagueroficial.com\" target=\"_self\">https:\/\/septetosantiagueroficial.com<\/a> commits in the same way, not establishing links with web sites containing racist, pornographic, xenophobe propaganda, terrorism apology and in general that could compromise in any way Septeto Santiaguero\u2019s representation.<\/li>\n<li class=\" translation-block\">The inclusion of links in the web site doesn\u2019t mean that Septeto Santiaguero Oficial must keep commercial relationships or associative links with the owners of these sites.<\/li>\n<li class=\" translation-block\">The existence of links in the web <a href=\"https:\/\/www.septetosantiagueroficial.com\" target=\"_self\">https:\/\/septetosantiagueroficial.com<\/a> tiene una finalidad meramente informativa, motivo por el cual, Septeto Santiaguero Oficial no se responsabiliza ni otorga garant\u00eda de ninguna naturaleza, ni expresa ni impl\u00edcita respecto a la comerciabilidad, idoneidad, calidad, caracter\u00edsticas, procedencia, o cualquier otro aspecto de las informaciones y\/o productos y\/o servicios que se ofrezcan a trav\u00e9s del sitio web referenciado. has a merely informative end, so Septeto Santiaguero Oficial doesn\u2019t respond with any guarantee about merchantability, quality, and origin about the information and\/or products and\/or services, offered by the referenced site.<\/li>\n<\/ol>\n\n\t\t<\/div>\n\t<\/div>\n<\/div><\/div><\/div><\/div>","protected":false},"excerpt":{"rendered":"Derechos de Propiedad Intelectual Todos los contenidos del sitio web https:\/\/septetosantiagueroficial.com(incluyendo, bases de datos, im\u00e1genes y fotograf\u00edas, videos, audio, dibujos, gr\u00e1ficos y archivos de texto) son propiedad de Septeto santiaguero Oficial y est\u00e1n protegidos por las normas de propiedad industrial...","protected":false},"author":1,"featured_media":0,"parent":0,"menu_order":0,"comment_status":"closed","ping_status":"closed","template":"","meta":[],"_links":{"self":[{"href":"https:\/\/www.septetosantiagueroficial.com\/en\/wp-json\/wp\/v2\/pages\/4496"}],"collection":[{"href":"https:\/\/www.septetosantiagueroficial.com\/en\/wp-json\/wp\/v2\/pages"}],"about":[{"href":"https:\/\/www.septetosantiagueroficial.com\/en\/wp-json\/wp\/v2\/types\/page"}],"author":[{"embeddable":true,"href":"https:\/\/www.septetosantiagueroficial.com\/en\/wp-json\/wp\/v2\/users\/1"}],"replies":[{"embeddable":true,"href":"https:\/\/www.septetosantiagueroficial.com\/en\/wp-json\/wp\/v2\/comments?post=4496"}],"version-history":[{"count":4,"href":"https:\/\/www.septetosantiagueroficial.com\/en\/wp-json\/wp\/v2\/pages\/4496\/revisions"}],"predecessor-version":[{"id":5344,"href":"https:\/\/www.septetosantiagueroficial.com\/en\/wp-json\/wp\/v2\/pages\/4496\/revisions\/5344"}],"wp:attachment":[{"href":"https:\/\/www.septetosantiagueroficial.com\/en\/wp-json\/wp\/v2\/media?parent=4496"}],"curies":[{"name":"wp","href":"https:\/\/api.w.org\/{rel}","templated":true}]}}