{"id":4488,"date":"2019-08-31T15:43:52","date_gmt":"2019-08-31T19:43:52","guid":{"rendered":"https:\/\/www.septetosantiagueroficial.com\/?page_id=4488"},"modified":"2019-09-11T14:38:48","modified_gmt":"2019-09-11T18:38:48","slug":"politica-de-privacidad","status":"publish","type":"page","link":"https:\/\/www.septetosantiagueroficial.com\/en\/politica-de-privacidad\/","title":{"rendered":"PRIVACY POLICY"},"content":{"rendered":"<div class=\"vc_row wpb_row vc_row-fluid\"><div class=\"wpb_column vc_column_container vc_col-sm-12\"><div class=\"vc_column-inner\"><div class=\"wpb_wrapper\">\n\t<div class=\"wpb_text_column wpb_content_element\" >\n\t\t<div class=\"wpb_wrapper\">\n\t\t\t<p><strong>General conditions<\/strong><\/p>\n<p class=\" translation-block\">This document aims to regulate the Privacy Policy in order to protect personal data of Septeto Santiaguero Oficial  <a href=\"https:\/\/www.septetosantiagueroficial.com\" target=\"_self\">https:\/\/septetosantiagueroficial.com<\/a>, web users<\/p>\n<p>Septeto Santiaguero reserves the right to modify this policy in order to adapt it to new regulations and best practices.<\/p>\n<p>Access and use of the site postulates the user\u2019s conformity to this document\u2019s conditions<\/p>\n<p><strong>Personal data treatment<\/strong><\/p>\n<p>Fulfilling the contact form and the newsletter subscription is mandatory to access and enjoy some services offered in the Web.<\/p>\n<p><strong>File archive and forms<\/strong><\/p>\n<p class=\" translation-block\">Acceding to some web site services is conditioned by furnishing personal data like name, surname and email to Septeto Santiaguero Oficial, which is obliged to treat them following the current security regulations.<\/p>\n<p>Collected personal data will be object of automatized treatment and incorporated to automatized archives of the Web Site.<\/p>\n<p>Septeto Santiaguero Oficial is committed to respect users\u2019 data object of treatment.<\/p>\n<p>These archives are protected following the measures of computer and network security established in our legislation.<\/p>\n<p><strong>Security measures<\/strong><\/p>\n<p>According to the current legislation, Septeto Santiaguero Oficial adopted the levels and measures of Network Security required to protect personal data, installing in its systems the technical measures to assure the confidential treatment of data, avoiding its loss, alteration and access. Notwhitstanding, the user must be conscious that security measures in internet can be vulnerable.<\/p>\n<p><strong>Law application and jurisdiction<\/strong><\/p>\n<ol>\n<li>a) Users submit to the application of Cuban legislation<\/li>\n<li>b) To the resolution of any controversy could emerge, both Septeto Santiaguero Oficial and users submit, expressly renouncing to their  forum  or anyone else, to the competence of Courts and Justice of Havana, Cuba.<\/li>\n<\/ol>\n<p><strong>Acceptance and agreement<\/strong><\/p>\n<p class=\" translation-block\">The user declares to have been informed about the conditions of personal data protection and accept the treatment of them by  <a href=\"https:\/\/www.septetosantiagueroficial.com\" target=\"_self\">https:\/\/septetosantiagueroficial.com<\/a>, by the forms and finalities remarked in this Policy of Personal Data Protection.<\/p>\n<p>&nbsp;<\/p>\n\n\t\t<\/div>\n\t<\/div>\n<\/div><\/div><\/div><\/div>","protected":false},"excerpt":{"rendered":"Condiciones Generales El presente documento tiene por finalidad regular la Pol\u00edtica de Privacidad a fin de salvaguardar la Protecci\u00f3n de los datos de car\u00e1cter personal de los usuarios del sitio Web https:\/\/septetosantiagueroficial.com, de Septeto Santiaguero Oficial. Septeto Santiaguero Oficial se...","protected":false},"author":1,"featured_media":0,"parent":0,"menu_order":0,"comment_status":"closed","ping_status":"closed","template":"","meta":[],"_links":{"self":[{"href":"https:\/\/www.septetosantiagueroficial.com\/en\/wp-json\/wp\/v2\/pages\/4488"}],"collection":[{"href":"https:\/\/www.septetosantiagueroficial.com\/en\/wp-json\/wp\/v2\/pages"}],"about":[{"href":"https:\/\/www.septetosantiagueroficial.com\/en\/wp-json\/wp\/v2\/types\/page"}],"author":[{"embeddable":true,"href":"https:\/\/www.septetosantiagueroficial.com\/en\/wp-json\/wp\/v2\/users\/1"}],"replies":[{"embeddable":true,"href":"https:\/\/www.septetosantiagueroficial.com\/en\/wp-json\/wp\/v2\/comments?post=4488"}],"version-history":[{"count":3,"href":"https:\/\/www.septetosantiagueroficial.com\/en\/wp-json\/wp\/v2\/pages\/4488\/revisions"}],"predecessor-version":[{"id":5217,"href":"https:\/\/www.septetosantiagueroficial.com\/en\/wp-json\/wp\/v2\/pages\/4488\/revisions\/5217"}],"wp:attachment":[{"href":"https:\/\/www.septetosantiagueroficial.com\/en\/wp-json\/wp\/v2\/media?parent=4488"}],"curies":[{"name":"wp","href":"https:\/\/api.w.org\/{rel}","templated":true}]}}